{"id":8863,"date":"2024-07-04T20:56:33","date_gmt":"2024-07-04T18:56:33","guid":{"rendered":"https:\/\/artvibe.pl\/shop\/?post_type=product&#038;p=8863"},"modified":"2026-04-05T22:01:29","modified_gmt":"2026-04-05T20:01:29","slug":"kartonowy-model-en57-reivah-2-0","status":"publish","type":"product","link":"https:\/\/artvibe.pl\/shop\/produkt\/kartonowy-model-en57-reivah-2-0\/","title":{"rendered":"reivah 2.0 koleje mazowieckie"},"content":{"rendered":"<p>Prezentujemy nowy model KARTONOWEGO MODELU EN57<\/p>\n<p>Nowo\u015b\u0107 <strong>#Reivah 2.0<\/strong><\/p>\n<p>Train model inspirowany legendarnym EN57 KOLEJE MAZOWIECKIE<\/p>\n<ul>\n<li>kartonowy model wagonu <strong>EN57<\/strong> ( tzw. \u201eKMka\u201d )<\/li>\n<li>wymiary po z\u0142o\u017ceniu: <strong>10 x 7,2 x 51 cm.<\/strong><\/li>\n<li>model si\u0119 z <strong>jednej cz\u0119\u015bci<\/strong> ( \u0142atwy do z\u0142o\u017cenia )<\/li>\n<li>pakowany w kartonow\u0105 kopert\u0119 <strong>z nadrukiem<\/strong><\/li>\n<li><strong>prawdziwy rarytas<\/strong> dla pasjonat\u00f3w polskiej kolei pa\u0144stwowej\u2026<\/li>\n<li>produkcja: <strong>Polska<\/strong><\/li>\n<\/ul>\n<p>pozdrawiamy<\/p>\n<p><strong>reivah team<\/strong><\/p>\n","protected":false},"excerpt":{"rendered":"<p>Prezentujemy nowy model KARTONOWEGO MODELU EN57 Nowo\u015b\u0107 #Reivah 2.0 Train model inspirowany legendarnym EN57 KOLEJE MAZOWIECKIE kartonowy model wagonu EN57 ( tzw. \u201eKMka\u201d ) wymiary po z\u0142o\u017ceniu: 10 x 7,2 x 51 cm. model si\u0119 z jednej cz\u0119\u015bci ( \u0142atwy do z\u0142o\u017cenia ) pakowany w kartonow\u0105 kopert\u0119 z nadrukiem prawdziwy rarytas dla pasjonat\u00f3w polskiej kolei [&hellip;]<\/p>\n","protected":false},"featured_media":8869,"comment_status":"closed","ping_status":"closed","template":"","meta":[],"product_brand":[],"product_cat":[19],"product_tag":[],"class_list":{"0":"post-8863","1":"product","2":"type-product","3":"status-publish","4":"has-post-thumbnail","6":"product_cat-inne","8":"first","9":"instock","10":"taxable","11":"shipping-taxable","12":"purchasable","13":"product-type-simple"},"_links":{"self":[{"href":"https:\/\/artvibe.pl\/shop\/wp-json\/wp\/v2\/product\/8863","targetHints":{"allow":["GET"]}}],"collection":[{"href":"https:\/\/artvibe.pl\/shop\/wp-json\/wp\/v2\/product"}],"about":[{"href":"https:\/\/artvibe.pl\/shop\/wp-json\/wp\/v2\/types\/product"}],"replies":[{"embeddable":true,"href":"https:\/\/artvibe.pl\/shop\/wp-json\/wp\/v2\/comments?post=8863"}],"wp:featuredmedia":[{"embeddable":true,"href":"https:\/\/artvibe.pl\/shop\/wp-json\/wp\/v2\/media\/8869"}],"wp:attachment":[{"href":"https:\/\/artvibe.pl\/shop\/wp-json\/wp\/v2\/media?parent=8863"}],"wp:term":[{"taxonomy":"product_brand","embeddable":true,"href":"https:\/\/artvibe.pl\/shop\/wp-json\/wp\/v2\/product_brand?post=8863"},{"taxonomy":"product_cat","embeddable":true,"href":"https:\/\/artvibe.pl\/shop\/wp-json\/wp\/v2\/product_cat?post=8863"},{"taxonomy":"product_tag","embeddable":true,"href":"https:\/\/artvibe.pl\/shop\/wp-json\/wp\/v2\/product_tag?post=8863"}],"curies":[{"name":"wp","href":"https:\/\/api.w.org\/{rel}","templated":true}]}}